{"id":6783,"date":"2022-10-13T15:46:18","date_gmt":"2022-10-13T13:46:18","guid":{"rendered":"https:\/\/dev.interieurvotre.com\/maintenance-page\/"},"modified":"2022-10-13T15:46:52","modified_gmt":"2022-10-13T13:46:52","slug":"maintenance-page","status":"publish","type":"page","link":"https:\/\/dev.interieurvotre.com\/","title":{"rendered":"Maintenance Page"},"content":{"rendered":"\n<div id=\"wp-block-themeisle-blocks-advanced-columns-0d617423\" class=\"wp-block-themeisle-blocks-advanced-columns alignfull has-1-columns has-desktop-equal-layout has-tablet-equal-layout has-mobile-equal-layout has-vertical-center\"><div class=\"wp-block-themeisle-blocks-advanced-columns-overlay\"><\/div><div class=\"innerblocks-wrap\">\n<div id=\"wp-block-themeisle-blocks-advanced-column-09847c7b\" class=\"wp-block-themeisle-blocks-advanced-column\"><div class=\"wp-block-image ticss-3f08ab9a\">\n<figure class=\"aligncenter size-large is-resized\"><img loading=\"lazy\" decoding=\"async\" src=\"https:\/\/demosites.io\/otter\/wp-content\/uploads\/sites\/664\/2022\/08\/maintenance_image_hero.svg\" alt=\"\" class=\"wp-image-181\" width=\"477\" height=\"349\"\/><\/figure>\n<\/div>\n\n\n<h1 id=\"wp-block-themeisle-blocks-advanced-heading-84bfa495\" class=\"wp-block-themeisle-blocks-advanced-heading wp-block-themeisle-blocks-advanced-heading-84bfa495\">Website is under maintenance<\/h1>\n\n\n\n<p id=\"wp-block-themeisle-blocks-advanced-heading-4956a7c6\" class=\"wp-block-themeisle-blocks-advanced-heading wp-block-themeisle-blocks-advanced-heading-4956a7c6\">We are doing some updates on our site, and we need to be offline for a while. We will be back with you shortly!<\/p>\n<\/div>\n<\/div><\/div>\n","protected":false},"excerpt":{"rendered":"","protected":false},"author":1,"featured_media":0,"parent":0,"menu_order":0,"comment_status":"closed","ping_status":"closed","template":"templates\/wpmm-page-template.php","meta":{"_themeisle_gutenberg_block_has_review":false,"footnotes":""},"class_list":["post-6783","page","type-page","status-publish","hentry"],"yoast_head":"<!-- This site is optimized with the Yoast SEO plugin v19.7.1 - https:\/\/yoast.com\/wordpress\/plugins\/seo\/ -->\n<title>Maintenance Page - Int\u00e9rieur V\u00f4tre<\/title>\n<meta name=\"robots\" content=\"noindex, follow, max-snippet:-1, max-image-preview:large, max-video-preview:-1\" \/>\n<meta property=\"og:locale\" content=\"fr_FR\" \/>\n<meta property=\"og:type\" content=\"article\" \/>\n<meta property=\"og:title\" content=\"Maintenance Page - Int\u00e9rieur V\u00f4tre\" \/>\n<meta property=\"og:url\" content=\"https:\/\/dev.interieurvotre.com\/\" \/>\n<meta property=\"og:site_name\" content=\"Int\u00e9rieur V\u00f4tre\" \/>\n<meta property=\"article:modified_time\" content=\"2022-10-13T13:46:52+00:00\" \/>\n<meta property=\"og:image\" content=\"https:\/\/demosites.io\/otter\/wp-content\/uploads\/sites\/664\/2022\/08\/maintenance_image_hero.svg\" \/>\n<meta name=\"twitter:card\" content=\"summary_large_image\" \/>\n<meta name=\"twitter:label1\" content=\"Dur\u00e9e de lecture estim\u00e9e\" \/>\n\t<meta name=\"twitter:data1\" content=\"1 minute\" \/>\n<script type=\"application\/ld+json\" class=\"yoast-schema-graph\">{\"@context\":\"https:\/\/schema.org\",\"@graph\":[{\"@type\":\"WebPage\",\"@id\":\"https:\/\/dev.interieurvotre.com\/\",\"url\":\"https:\/\/dev.interieurvotre.com\/\",\"name\":\"Maintenance Page - Int\u00e9rieur V\u00f4tre\",\"isPartOf\":{\"@id\":\"https:\/\/dev.interieurvotre.com\/#website\"},\"datePublished\":\"2022-10-13T13:46:18+00:00\",\"dateModified\":\"2022-10-13T13:46:52+00:00\",\"breadcrumb\":{\"@id\":\"https:\/\/dev.interieurvotre.com\/#breadcrumb\"},\"inLanguage\":\"fr-FR\",\"potentialAction\":[{\"@type\":\"ReadAction\",\"target\":[\"https:\/\/dev.interieurvotre.com\/\"]}]},{\"@type\":\"BreadcrumbList\",\"@id\":\"https:\/\/dev.interieurvotre.com\/#breadcrumb\",\"itemListElement\":[{\"@type\":\"ListItem\",\"position\":1,\"name\":\"Accueil\",\"item\":\"https:\/\/dev.interieurvotre.com\/\"},{\"@type\":\"ListItem\",\"position\":2,\"name\":\"Maintenance Page\"}]},{\"@type\":\"WebSite\",\"@id\":\"https:\/\/dev.interieurvotre.com\/#website\",\"url\":\"https:\/\/dev.interieurvotre.com\/\",\"name\":\"Int\u00e9rieur V\u00f4tre\",\"description\":\"Agence de d\u00e9coration et d&#039;agencement int\u00e9rieur\",\"publisher\":{\"@id\":\"https:\/\/dev.interieurvotre.com\/#organization\"},\"potentialAction\":[{\"@type\":\"SearchAction\",\"target\":{\"@type\":\"EntryPoint\",\"urlTemplate\":\"https:\/\/dev.interieurvotre.com\/?s={search_term_string}\"},\"query-input\":\"required name=search_term_string\"}],\"inLanguage\":\"fr-FR\"},{\"@type\":\"Organization\",\"@id\":\"https:\/\/dev.interieurvotre.com\/#organization\",\"name\":\"Int\u00e9rieur V\u00f4tre\",\"url\":\"https:\/\/dev.interieurvotre.com\/\",\"sameAs\":[],\"logo\":{\"@type\":\"ImageObject\",\"inLanguage\":\"fr-FR\",\"@id\":\"https:\/\/dev.interieurvotre.com\/#\/schema\/logo\/image\/\",\"url\":\"https:\/\/dev.interieurvotre.com\/wp-content\/uploads\/2022\/09\/LOGO_interieurvotre.png\",\"contentUrl\":\"https:\/\/dev.interieurvotre.com\/wp-content\/uploads\/2022\/09\/LOGO_interieurvotre.png\",\"width\":567,\"height\":103,\"caption\":\"Int\u00e9rieur V\u00f4tre\"},\"image\":{\"@id\":\"https:\/\/dev.interieurvotre.com\/#\/schema\/logo\/image\/\"}}]}<\/script>\n<!-- \/ Yoast SEO plugin. -->","yoast_head_json":{"title":"Maintenance Page - Int\u00e9rieur V\u00f4tre","robots":{"index":"noindex","follow":"follow","max-snippet":"max-snippet:-1","max-image-preview":"max-image-preview:large","max-video-preview":"max-video-preview:-1"},"og_locale":"fr_FR","og_type":"article","og_title":"Maintenance Page - Int\u00e9rieur V\u00f4tre","og_url":"https:\/\/dev.interieurvotre.com\/","og_site_name":"Int\u00e9rieur V\u00f4tre","article_modified_time":"2022-10-13T13:46:52+00:00","og_image":[{"url":"https:\/\/demosites.io\/otter\/wp-content\/uploads\/sites\/664\/2022\/08\/maintenance_image_hero.svg"}],"twitter_card":"summary_large_image","twitter_misc":{"Dur\u00e9e de lecture estim\u00e9e":"1 minute"},"schema":{"@context":"https:\/\/schema.org","@graph":[{"@type":"WebPage","@id":"https:\/\/dev.interieurvotre.com\/","url":"https:\/\/dev.interieurvotre.com\/","name":"Maintenance Page - Int\u00e9rieur V\u00f4tre","isPartOf":{"@id":"https:\/\/dev.interieurvotre.com\/#website"},"datePublished":"2022-10-13T13:46:18+00:00","dateModified":"2022-10-13T13:46:52+00:00","breadcrumb":{"@id":"https:\/\/dev.interieurvotre.com\/#breadcrumb"},"inLanguage":"fr-FR","potentialAction":[{"@type":"ReadAction","target":["https:\/\/dev.interieurvotre.com\/"]}]},{"@type":"BreadcrumbList","@id":"https:\/\/dev.interieurvotre.com\/#breadcrumb","itemListElement":[{"@type":"ListItem","position":1,"name":"Accueil","item":"https:\/\/dev.interieurvotre.com\/"},{"@type":"ListItem","position":2,"name":"Maintenance Page"}]},{"@type":"WebSite","@id":"https:\/\/dev.interieurvotre.com\/#website","url":"https:\/\/dev.interieurvotre.com\/","name":"Int\u00e9rieur V\u00f4tre","description":"Agence de d\u00e9coration et d&#039;agencement int\u00e9rieur","publisher":{"@id":"https:\/\/dev.interieurvotre.com\/#organization"},"potentialAction":[{"@type":"SearchAction","target":{"@type":"EntryPoint","urlTemplate":"https:\/\/dev.interieurvotre.com\/?s={search_term_string}"},"query-input":"required name=search_term_string"}],"inLanguage":"fr-FR"},{"@type":"Organization","@id":"https:\/\/dev.interieurvotre.com\/#organization","name":"Int\u00e9rieur V\u00f4tre","url":"https:\/\/dev.interieurvotre.com\/","sameAs":[],"logo":{"@type":"ImageObject","inLanguage":"fr-FR","@id":"https:\/\/dev.interieurvotre.com\/#\/schema\/logo\/image\/","url":"https:\/\/dev.interieurvotre.com\/wp-content\/uploads\/2022\/09\/LOGO_interieurvotre.png","contentUrl":"https:\/\/dev.interieurvotre.com\/wp-content\/uploads\/2022\/09\/LOGO_interieurvotre.png","width":567,"height":103,"caption":"Int\u00e9rieur V\u00f4tre"},"image":{"@id":"https:\/\/dev.interieurvotre.com\/#\/schema\/logo\/image\/"}}]}},"_links":{"self":[{"href":"https:\/\/dev.interieurvotre.com\/index.php?rest_route=\/wp\/v2\/pages\/6783","targetHints":{"allow":["GET"]}}],"collection":[{"href":"https:\/\/dev.interieurvotre.com\/index.php?rest_route=\/wp\/v2\/pages"}],"about":[{"href":"https:\/\/dev.interieurvotre.com\/index.php?rest_route=\/wp\/v2\/types\/page"}],"author":[{"embeddable":true,"href":"https:\/\/dev.interieurvotre.com\/index.php?rest_route=\/wp\/v2\/users\/1"}],"replies":[{"embeddable":true,"href":"https:\/\/dev.interieurvotre.com\/index.php?rest_route=%2Fwp%2Fv2%2Fcomments&post=6783"}],"version-history":[{"count":1,"href":"https:\/\/dev.interieurvotre.com\/index.php?rest_route=\/wp\/v2\/pages\/6783\/revisions"}],"predecessor-version":[{"id":6784,"href":"https:\/\/dev.interieurvotre.com\/index.php?rest_route=\/wp\/v2\/pages\/6783\/revisions\/6784"}],"wp:attachment":[{"href":"https:\/\/dev.interieurvotre.com\/index.php?rest_route=%2Fwp%2Fv2%2Fmedia&parent=6783"}],"curies":[{"name":"wp","href":"https:\/\/api.w.org\/{rel}","templated":true}]}}